{"id":2923,"date":"2026-02-26T12:02:34","date_gmt":"2026-02-26T15:02:34","guid":{"rendered":"https:\/\/8it8.com.br\/?page_id=2923"},"modified":"2026-02-26T12:29:47","modified_gmt":"2026-02-26T15:29:47","slug":"4-pilares-da-gestao-2","status":"publish","type":"page","link":"https:\/\/8it8.com.br\/?page_id=2923","title":{"rendered":"4 Pilares da Gest\u00e3o"},"content":{"rendered":"<div data-colibri-id=\"2923-c1\" class=\"style-1847 style-local-2923-c1 position-relative\">\n  <!---->\n  <div data-colibri-component=\"section\" data-colibri-id=\"2923-c2\" id=\"custom\" class=\"h-section h-section-global-spacing d-flex align-items-lg-center align-items-md-center align-items-center style-1848 style-local-2923-c2 position-relative\">\n    <!---->\n    <!---->\n    <div class=\"h-section-grid-container h-section-boxed-container\">\n      <!---->\n      <div data-colibri-id=\"2923-c3\" class=\"h-row-container gutters-row-lg-2 gutters-row-md-2 gutters-row-0 gutters-row-v-lg-2 gutters-row-v-md-2 gutters-row-v-2 style-1849 style-local-2923-c3 position-relative\">\n        <!---->\n        <div class=\"h-row justify-content-lg-center justify-content-md-center justify-content-center align-items-lg-stretch align-items-md-stretch align-items-stretch gutters-col-lg-2 gutters-col-md-2 gutters-col-0 gutters-col-v-lg-2 gutters-col-v-md-2 gutters-col-v-2\">\n          <!---->\n          <div class=\"h-column h-column-container d-flex h-col-lg-auto h-col-md-auto h-col-auto style-1850-outer style-local-2923-c4-outer\">\n            <div data-colibri-id=\"2923-c4\" class=\"d-flex h-flex-basis h-column__inner h-px-lg-2 h-px-md-2 h-px-2 v-inner-lg-2 v-inner-md-2 v-inner-2 style-1850 style-local-2923-c4 position-relative\">\n              <!---->\n              <!---->\n              <div class=\"w-100 h-y-container h-column__content h-column__v-align flex-basis-100 align-self-lg-start align-self-md-start align-self-start\">\n                <!---->\n                <div data-colibri-id=\"2923-c5\" class=\"d-block style-1851 style-local-2923-c5 position-relative h-element\">\n                  <!---->\n                  <div class=\"h-image__frame-container-outer\">\n                    <div class=\"h-image__frame-container\">\n                      <!---->\n                      <!---->\n                      <img loading=\"lazy\" decoding=\"async\" width=\"768\" height=\"768\" src=\"http:\/\/8it8.com.br\/wp-content\/uploads\/2023\/08\/cropped-4-pilares-e-referencias.jpg\" class=\"wp-image-2925 style-1851-image style-local-2923-c5-image\" alt=\"\" srcset=\"https:\/\/8it8.com.br\/wp-content\/uploads\/2023\/08\/cropped-4-pilares-e-referencias.jpg 768w, https:\/\/8it8.com.br\/wp-content\/uploads\/2023\/08\/cropped-4-pilares-e-referencias-300x300.jpg 300w, https:\/\/8it8.com.br\/wp-content\/uploads\/2023\/08\/cropped-4-pilares-e-referencias-150x150.jpg 150w\" sizes=\"auto, (max-width: 768px) 100vw, 768px\" \/>\n                      <div class=\"h-image__frame h-hide-lg h-hide-md h-hide-sm style-1851-frameImage style-local-2923-c5-frameImage\"><\/div>\n                    <\/div>\n                  <\/div>\n                <\/div>\n              <\/div>\n            <\/div>\n          <\/div>\n        <\/div>\n      <\/div>\n      <div data-colibri-id=\"2923-c6\" class=\"h-row-container gutters-row-lg-1 gutters-row-md-1 gutters-row-0 gutters-row-v-lg-1 gutters-row-v-md-1 gutters-row-v-1 style-1852 style-local-2923-c6 position-relative\">\n        <!---->\n        <div class=\"h-row justify-content-lg-center justify-content-md-center justify-content-center align-items-lg-stretch align-items-md-stretch align-items-stretch gutters-col-lg-1 gutters-col-md-1 gutters-col-0 gutters-col-v-lg-1 gutters-col-v-md-1 gutters-col-v-1\">\n          <!---->\n          <div class=\"h-column h-column-container d-flex h-col-lg-auto h-col-md-auto h-col-auto style-1853-outer style-local-2923-c7-outer\">\n            <div data-colibri-id=\"2923-c7\" class=\"d-flex h-flex-basis h-column__inner h-px-lg-1 h-px-md-1 h-px-1 v-inner-lg-1 v-inner-md-1 v-inner-1 style-1853 style-local-2923-c7 position-relative\">\n              <!---->\n              <!---->\n              <div class=\"w-100 h-y-container h-column__content h-column__v-align flex-basis-100 align-self-lg-center align-self-md-center align-self-center\">\n                <!---->\n                <div data-colibri-id=\"2923-c12\" class=\"h-text h-text-component style-1858 style-local-2923-c12 position-relative h-element\">\n                  <!---->\n                  <!---->\n                  <div class=\"\">\n                    <p>CONSCI\u00caNCIA:<\/p>\n                    <p>Adquirindo conhecimento t\u00e9cnico de qualidade, \u00e9 poss\u00edvel fazer um diagn\u00f3stico da realidade, analisando todas as quest\u00f5es que envolvem o desempenho individual, de empresas e de equipes.<\/p>\n                  <\/div>\n                <\/div>\n              <\/div>\n            <\/div>\n          <\/div>\n          <div class=\"h-column h-column-container d-flex h-col-lg-auto h-col-md-auto h-col-auto style-1854-outer style-local-2923-c8-outer\">\n            <div data-colibri-id=\"2923-c8\" class=\"d-flex h-flex-basis h-column__inner h-px-lg-1 h-px-md-1 h-px-1 v-inner-lg-1 v-inner-md-1 v-inner-1 style-1854 style-local-2923-c8 position-relative\">\n              <!---->\n              <!---->\n              <div class=\"w-100 h-y-container h-column__content h-column__v-align flex-basis-100 align-self-lg-center align-self-md-center align-self-center\">\n                <!---->\n                <div data-colibri-id=\"2923-c10\" class=\"h-text h-text-component style-1856 style-local-2923-c10 position-relative h-element\">\n                  <!---->\n                  <!---->\n                  <div class=\"\">\n                    <p>CONTROLE:<\/p>\n                    <p>Com o diagn\u00f3stico na m\u00e3o, o gestor tem uma vis\u00e3o estrat\u00e9gica para planejar a\u00e7\u00f5es, gerenciar riscos, solucionar problemas&nbsp;e conseguir o empenho de todas as pessoas envolvidas (s\u00f3cios, l\u00edderes, funcion\u00e1rios e fornecedores).<\/p>\n                  <\/div>\n                <\/div>\n              <\/div>\n            <\/div>\n          <\/div>\n          <div class=\"h-column h-column-container d-flex h-col-lg-auto h-col-md-auto h-col-auto style-1855-outer style-local-2923-c9-outer\">\n            <div data-colibri-id=\"2923-c9\" class=\"d-flex h-flex-basis h-column__inner h-px-lg-1 h-px-md-1 h-px-1 v-inner-lg-1 v-inner-md-1 v-inner-1 style-1855 style-local-2923-c9 position-relative\">\n              <!---->\n              <!---->\n              <div class=\"w-100 h-y-container h-column__content h-column__v-align flex-basis-100 align-self-lg-center align-self-md-center align-self-center\">\n                <!---->\n                <div data-colibri-id=\"2923-c11\" class=\"h-text h-text-component style-1857 style-local-2923-c11 position-relative h-element\">\n                  <!---->\n                  <!---->\n                  <div class=\"\">\n                    <p>RESULTADO:<\/p>\n                    <p>Tendo a situa\u00e7\u00e3o da empresa sob controle, a produtividade deslancha, as vendas disparam, a satisfa\u00e7\u00e3o dos clientes melhora, os lucros aumentam e a empresa cresce porque todos crescem!<\/p>\n                  <\/div>\n                <\/div>\n              <\/div>\n            <\/div>\n          <\/div>\n        <\/div>\n      <\/div>\n    <\/div>\n  <\/div>\n  <div data-colibri-component=\"section\" data-colibri-id=\"2923-c18\" id=\"custom-2\" class=\"h-section h-section-global-spacing d-flex align-items-lg-center align-items-md-center align-items-center style-1864 style-local-2923-c18 position-relative\">\n    <!---->\n    <!---->\n    <div class=\"h-section-grid-container h-section-boxed-container\">\n      <!---->\n      <div data-colibri-id=\"2923-c19\" class=\"h-row-container gutters-row-lg-2 gutters-row-md-2 gutters-row-0 gutters-row-v-lg-2 gutters-row-v-md-2 gutters-row-v-2 style-1865 style-local-2923-c19 position-relative\">\n        <!---->\n        <div class=\"h-row justify-content-lg-center justify-content-md-center justify-content-center align-items-lg-stretch align-items-md-stretch align-items-stretch gutters-col-lg-2 gutters-col-md-2 gutters-col-0 gutters-col-v-lg-2 gutters-col-v-md-2 gutters-col-v-2\">\n          <!---->\n          <div class=\"h-column h-column-container d-flex h-col-lg-auto h-col-md-auto h-col-auto style-1866-outer style-local-2923-c20-outer\">\n            <div data-colibri-id=\"2923-c20\" class=\"d-flex h-flex-basis h-column__inner h-px-lg-2 h-px-md-2 h-px-2 v-inner-lg-2 v-inner-md-2 v-inner-2 style-1866 style-local-2923-c20 position-relative\">\n              <!---->\n              <!---->\n              <div class=\"w-100 h-y-container h-column__content h-column__v-align flex-basis-100 align-self-lg-start align-self-md-start align-self-start\">\n                <!---->\n                <div data-colibri-id=\"2923-c27\" class=\"d-block style-1873 style-local-2923-c27 position-relative h-element\">\n                  <!---->\n                  <div class=\"h-image__frame-container-outer\">\n                    <a href=\"https:\/\/8it8.com.br\/?page_id=638\" h-use-smooth-scroll=\"true\" class=\"image-link\">\n                      <div class=\"h-image__frame-container\">\n                        <!---->\n                        <!---->\n                        <img loading=\"lazy\" decoding=\"async\" width=\"560\" height=\"315\" src=\"http:\/\/8it8.com.br\/wp-content\/uploads\/2022\/11\/3-1.png\" class=\"wp-image-838 style-1873-image style-local-2923-c27-image\" alt=\"\" srcset=\"https:\/\/8it8.com.br\/wp-content\/uploads\/2022\/11\/3-1.png 560w, https:\/\/8it8.com.br\/wp-content\/uploads\/2022\/11\/3-1-300x169.png 300w\" sizes=\"auto, (max-width: 560px) 100vw, 560px\" \/>\n                        <div class=\"h-image__frame h-hide-lg h-hide-md h-hide-sm style-1873-frameImage style-local-2923-c27-frameImage\"><\/div>\n                      <\/div>\n                    <\/a>\n                  <\/div>\n                <\/div>\n              <\/div>\n            <\/div>\n          <\/div>\n          <div class=\"h-column h-column-container d-flex h-col-lg-auto h-col-md-auto h-col-auto style-1867-outer style-local-2923-c21-outer\">\n            <div data-colibri-id=\"2923-c21\" class=\"d-flex h-flex-basis h-column__inner h-px-lg-2 h-px-md-2 h-px-2 v-inner-lg-2 v-inner-md-2 v-inner-2 style-1867 style-local-2923-c21 position-relative\">\n              <!---->\n              <!---->\n              <div class=\"w-100 h-y-container h-column__content h-column__v-align flex-basis-100 align-self-lg-start align-self-md-start align-self-start\">\n                <!---->\n                <div data-colibri-id=\"2923-c28\" class=\"d-block style-1874 style-local-2923-c28 position-relative h-element\">\n                  <!---->\n                  <div class=\"h-image__frame-container-outer\">\n                    <a href=\"https:\/\/8it8.com.br\/?page_id=635\" h-use-smooth-scroll=\"true\" class=\"image-link\">\n                      <div class=\"h-image__frame-container\">\n                        <!---->\n                        <!---->\n                        <img loading=\"lazy\" decoding=\"async\" width=\"560\" height=\"315\" src=\"http:\/\/8it8.com.br\/wp-content\/uploads\/2022\/11\/1-1.png\" class=\"wp-image-836 style-1874-image style-local-2923-c28-image\" alt=\"\" srcset=\"https:\/\/8it8.com.br\/wp-content\/uploads\/2022\/11\/1-1.png 560w, https:\/\/8it8.com.br\/wp-content\/uploads\/2022\/11\/1-1-300x169.png 300w\" sizes=\"auto, (max-width: 560px) 100vw, 560px\" \/>\n                        <div class=\"h-image__frame h-hide-lg h-hide-md h-hide-sm style-1874-frameImage style-local-2923-c28-frameImage\"><\/div>\n                      <\/div>\n                    <\/a>\n                  <\/div>\n                <\/div>\n              <\/div>\n            <\/div>\n          <\/div>\n        <\/div>\n      <\/div>\n      <div data-colibri-id=\"2923-c24\" class=\"h-row-container gutters-row-lg-2 gutters-row-md-2 gutters-row-0 gutters-row-v-lg-2 gutters-row-v-md-2 gutters-row-v-2 style-1870 style-local-2923-c24 position-relative\">\n        <!---->\n        <div class=\"h-row justify-content-lg-center justify-content-md-center justify-content-center align-items-lg-stretch align-items-md-stretch align-items-stretch gutters-col-lg-2 gutters-col-md-2 gutters-col-0 gutters-col-v-lg-2 gutters-col-v-md-2 gutters-col-v-2\">\n          <!---->\n          <div class=\"h-column h-column-container d-flex h-col-lg-auto h-col-md-auto h-col-auto style-1871-outer style-local-2923-c25-outer\">\n            <div data-colibri-id=\"2923-c25\" class=\"d-flex h-flex-basis h-column__inner h-px-lg-2 h-px-md-2 h-px-2 v-inner-lg-2 v-inner-md-2 v-inner-2 style-1871 style-local-2923-c25 position-relative\">\n              <!---->\n              <!---->\n              <div class=\"w-100 h-y-container h-column__content h-column__v-align flex-basis-100 align-self-lg-start align-self-md-start align-self-start\">\n                <!---->\n                <div data-colibri-id=\"2923-c22\" class=\"d-block style-1868 style-local-2923-c22 position-relative h-element\">\n                  <!---->\n                  <div class=\"h-image__frame-container-outer\">\n                    <a href=\"https:\/\/8it8.com.br\/?page_id=453\" h-use-smooth-scroll=\"true\" class=\"image-link\">\n                      <div class=\"h-image__frame-container\">\n                        <!---->\n                        <!---->\n                        <img loading=\"lazy\" decoding=\"async\" width=\"560\" height=\"315\" src=\"http:\/\/8it8.com.br\/wp-content\/uploads\/2022\/11\/2-1.png\" class=\"wp-image-837 style-1868-image style-local-2923-c22-image\" alt=\"\" srcset=\"https:\/\/8it8.com.br\/wp-content\/uploads\/2022\/11\/2-1.png 560w, https:\/\/8it8.com.br\/wp-content\/uploads\/2022\/11\/2-1-300x169.png 300w\" sizes=\"auto, (max-width: 560px) 100vw, 560px\" \/>\n                        <div class=\"h-image__frame h-hide-lg h-hide-md h-hide-sm style-1868-frameImage style-local-2923-c22-frameImage\"><\/div>\n                      <\/div>\n                    <\/a>\n                  <\/div>\n                <\/div>\n              <\/div>\n            <\/div>\n          <\/div>\n          <div class=\"h-column h-column-container d-flex h-col-lg-auto h-col-md-auto h-col-auto style-1872-outer style-local-2923-c26-outer\">\n            <div data-colibri-id=\"2923-c26\" class=\"d-flex h-flex-basis h-column__inner h-px-lg-2 h-px-md-2 h-px-2 v-inner-lg-2 v-inner-md-2 v-inner-2 style-1872 style-local-2923-c26 position-relative\">\n              <!---->\n              <!---->\n              <div class=\"w-100 h-y-container h-column__content h-column__v-align flex-basis-100 align-self-lg-start align-self-md-start align-self-start\">\n                <!---->\n                <div data-colibri-id=\"2923-c23\" class=\"d-block style-1869 style-local-2923-c23 position-relative h-element\">\n                  <!---->\n                  <div class=\"h-image__frame-container-outer\">\n                    <a href=\"https:\/\/8it8.com.br\/?page_id=640\" h-use-smooth-scroll=\"true\" class=\"image-link\">\n                      <div class=\"h-image__frame-container\">\n                        <!---->\n                        <!---->\n                        <img loading=\"lazy\" decoding=\"async\" width=\"560\" height=\"315\" src=\"http:\/\/8it8.com.br\/wp-content\/uploads\/2022\/11\/4-1.png\" class=\"wp-image-839 style-1869-image style-local-2923-c23-image\" alt=\"\" srcset=\"https:\/\/8it8.com.br\/wp-content\/uploads\/2022\/11\/4-1.png 560w, https:\/\/8it8.com.br\/wp-content\/uploads\/2022\/11\/4-1-300x169.png 300w\" sizes=\"auto, (max-width: 560px) 100vw, 560px\" \/>\n                        <div class=\"h-image__frame h-hide-lg h-hide-md h-hide-sm style-1869-frameImage style-local-2923-c23-frameImage\"><\/div>\n                      <\/div>\n                    <\/a>\n                  <\/div>\n                <\/div>\n              <\/div>\n            <\/div>\n          <\/div>\n        <\/div>\n      <\/div>\n    <\/div>\n  <\/div>\n<\/div>","protected":false},"excerpt":{"rendered":"<p>CONSCI\u00caNCIA: Adquirindo conhecimento t\u00e9cnico de qualidade, \u00e9 poss\u00edvel fazer um diagn\u00f3stico da realidade, analisando todas as quest\u00f5es que envolvem o desempenho individual, de empresas e de equipes. CONTROLE: Com o diagn\u00f3stico na m\u00e3o, o gestor tem uma vis\u00e3o estrat\u00e9gica para planejar a\u00e7\u00f5es, gerenciar riscos, solucionar problemas&nbsp;e conseguir o empenho de todas as pessoas envolvidas (s\u00f3cios, [&hellip;]<\/p>\n","protected":false},"author":1,"featured_media":0,"parent":0,"menu_order":0,"comment_status":"closed","ping_status":"closed","template":"page-templates\/full-width-page.php","meta":{"footnotes":""},"class_list":["post-2923","page","type-page","status-publish","hentry"],"yoast_head":"<!-- This site is optimized with the Yoast SEO plugin v27.4 - https:\/\/yoast.com\/product\/yoast-seo-wordpress\/ -->\n<title>4 Pilares da Gest\u00e3o - OI-TO<\/title>\n<meta name=\"robots\" content=\"index, follow, max-snippet:-1, max-image-preview:large, max-video-preview:-1\" \/>\n<link rel=\"canonical\" href=\"https:\/\/8it8.com.br\/?page_id=2923\" \/>\n<meta property=\"og:locale\" content=\"pt_BR\" \/>\n<meta property=\"og:type\" content=\"article\" \/>\n<meta property=\"og:title\" content=\"4 Pilares da Gest\u00e3o - OI-TO\" \/>\n<meta property=\"og:description\" content=\"CONSCI\u00caNCIA: Adquirindo conhecimento t\u00e9cnico de qualidade, \u00e9 poss\u00edvel fazer um diagn\u00f3stico da realidade, analisando todas as quest\u00f5es que envolvem o desempenho individual, de empresas e de equipes. CONTROLE: Com o diagn\u00f3stico na m\u00e3o, o gestor tem uma vis\u00e3o estrat\u00e9gica para planejar a\u00e7\u00f5es, gerenciar riscos, solucionar problemas&nbsp;e conseguir o empenho de todas as pessoas envolvidas (s\u00f3cios, [&hellip;]\" \/>\n<meta property=\"og:url\" content=\"https:\/\/8it8.com.br\/?page_id=2923\" \/>\n<meta property=\"og:site_name\" content=\"OI-TO\" \/>\n<meta property=\"article:publisher\" content=\"https:\/\/www.facebook.com\/oito.empreendereliderar\" \/>\n<meta property=\"article:modified_time\" content=\"2026-02-26T15:29:47+00:00\" \/>\n<meta property=\"og:image\" content=\"https:\/\/8it8.com.br\/wp-content\/uploads\/2023\/08\/cropped-4-pilares-e-referencias.jpg\" \/>\n\t<meta property=\"og:image:width\" content=\"768\" \/>\n\t<meta property=\"og:image:height\" content=\"768\" \/>\n\t<meta property=\"og:image:type\" content=\"image\/jpeg\" \/>\n<meta name=\"twitter:card\" content=\"summary_large_image\" \/>\n<meta name=\"twitter:label1\" content=\"Est. tempo de leitura\" \/>\n\t<meta name=\"twitter:data1\" content=\"1 minuto\" \/>\n<script type=\"application\/ld+json\" class=\"yoast-schema-graph\">{\"@context\":\"https:\\\/\\\/schema.org\",\"@graph\":[{\"@type\":\"WebPage\",\"@id\":\"https:\\\/\\\/8it8.com.br\\\/?page_id=2923\",\"url\":\"https:\\\/\\\/8it8.com.br\\\/?page_id=2923\",\"name\":\"4 Pilares da Gest\u00e3o - OI-TO\",\"isPartOf\":{\"@id\":\"https:\\\/\\\/8it8.com.br\\\/#website\"},\"primaryImageOfPage\":{\"@id\":\"https:\\\/\\\/8it8.com.br\\\/?page_id=2923#primaryimage\"},\"image\":{\"@id\":\"https:\\\/\\\/8it8.com.br\\\/?page_id=2923#primaryimage\"},\"thumbnailUrl\":\"http:\\\/\\\/8it8.com.br\\\/wp-content\\\/uploads\\\/2023\\\/08\\\/cropped-4-pilares-e-referencias.jpg\",\"datePublished\":\"2026-02-26T15:02:34+00:00\",\"dateModified\":\"2026-02-26T15:29:47+00:00\",\"breadcrumb\":{\"@id\":\"https:\\\/\\\/8it8.com.br\\\/?page_id=2923#breadcrumb\"},\"inLanguage\":\"pt-BR\",\"potentialAction\":[{\"@type\":\"ReadAction\",\"target\":[\"https:\\\/\\\/8it8.com.br\\\/?page_id=2923\"]}]},{\"@type\":\"ImageObject\",\"inLanguage\":\"pt-BR\",\"@id\":\"https:\\\/\\\/8it8.com.br\\\/?page_id=2923#primaryimage\",\"url\":\"https:\\\/\\\/8it8.com.br\\\/wp-content\\\/uploads\\\/2023\\\/08\\\/cropped-4-pilares-e-referencias.jpg\",\"contentUrl\":\"https:\\\/\\\/8it8.com.br\\\/wp-content\\\/uploads\\\/2023\\\/08\\\/cropped-4-pilares-e-referencias.jpg\",\"width\":768,\"height\":768},{\"@type\":\"BreadcrumbList\",\"@id\":\"https:\\\/\\\/8it8.com.br\\\/?page_id=2923#breadcrumb\",\"itemListElement\":[{\"@type\":\"ListItem\",\"position\":1,\"name\":\"In\u00edcio\",\"item\":\"https:\\\/\\\/8it8.com.br\\\/\"},{\"@type\":\"ListItem\",\"position\":2,\"name\":\"4 Pilares da Gest\u00e3o\"}]},{\"@type\":\"WebSite\",\"@id\":\"https:\\\/\\\/8it8.com.br\\\/#website\",\"url\":\"https:\\\/\\\/8it8.com.br\\\/\",\"name\":\"OI-TO\",\"description\":\"Os 4 Pilares da Gest\u00e3o\",\"publisher\":{\"@id\":\"https:\\\/\\\/8it8.com.br\\\/#organization\"},\"potentialAction\":[{\"@type\":\"SearchAction\",\"target\":{\"@type\":\"EntryPoint\",\"urlTemplate\":\"https:\\\/\\\/8it8.com.br\\\/?s={search_term_string}\"},\"query-input\":{\"@type\":\"PropertyValueSpecification\",\"valueRequired\":true,\"valueName\":\"search_term_string\"}}],\"inLanguage\":\"pt-BR\"},{\"@type\":\"Organization\",\"@id\":\"https:\\\/\\\/8it8.com.br\\\/#organization\",\"name\":\"OI-TO Desenvolvimento de L\u00edderes e Equipes\",\"url\":\"https:\\\/\\\/8it8.com.br\\\/\",\"logo\":{\"@type\":\"ImageObject\",\"inLanguage\":\"pt-BR\",\"@id\":\"https:\\\/\\\/8it8.com.br\\\/#\\\/schema\\\/logo\\\/image\\\/\",\"url\":\"https:\\\/\\\/8it8.com.br\\\/wp-content\\\/uploads\\\/2022\\\/09\\\/Logotipo-OITO-completo-sem-fundo.png\",\"contentUrl\":\"https:\\\/\\\/8it8.com.br\\\/wp-content\\\/uploads\\\/2022\\\/09\\\/Logotipo-OITO-completo-sem-fundo.png\",\"width\":1064,\"height\":966,\"caption\":\"OI-TO Desenvolvimento de L\u00edderes e Equipes\"},\"image\":{\"@id\":\"https:\\\/\\\/8it8.com.br\\\/#\\\/schema\\\/logo\\\/image\\\/\"},\"sameAs\":[\"https:\\\/\\\/www.facebook.com\\\/oito.empreendereliderar\"]}]}<\/script>\n<!-- \/ Yoast SEO plugin. -->","yoast_head_json":{"title":"4 Pilares da Gest\u00e3o - OI-TO","robots":{"index":"index","follow":"follow","max-snippet":"max-snippet:-1","max-image-preview":"max-image-preview:large","max-video-preview":"max-video-preview:-1"},"canonical":"https:\/\/8it8.com.br\/?page_id=2923","og_locale":"pt_BR","og_type":"article","og_title":"4 Pilares da Gest\u00e3o - OI-TO","og_description":"CONSCI\u00caNCIA: Adquirindo conhecimento t\u00e9cnico de qualidade, \u00e9 poss\u00edvel fazer um diagn\u00f3stico da realidade, analisando todas as quest\u00f5es que envolvem o desempenho individual, de empresas e de equipes. CONTROLE: Com o diagn\u00f3stico na m\u00e3o, o gestor tem uma vis\u00e3o estrat\u00e9gica para planejar a\u00e7\u00f5es, gerenciar riscos, solucionar problemas&nbsp;e conseguir o empenho de todas as pessoas envolvidas (s\u00f3cios, [&hellip;]","og_url":"https:\/\/8it8.com.br\/?page_id=2923","og_site_name":"OI-TO","article_publisher":"https:\/\/www.facebook.com\/oito.empreendereliderar","article_modified_time":"2026-02-26T15:29:47+00:00","og_image":[{"width":768,"height":768,"url":"https:\/\/8it8.com.br\/wp-content\/uploads\/2023\/08\/cropped-4-pilares-e-referencias.jpg","type":"image\/jpeg"}],"twitter_card":"summary_large_image","twitter_misc":{"Est. tempo de leitura":"1 minuto"},"schema":{"@context":"https:\/\/schema.org","@graph":[{"@type":"WebPage","@id":"https:\/\/8it8.com.br\/?page_id=2923","url":"https:\/\/8it8.com.br\/?page_id=2923","name":"4 Pilares da Gest\u00e3o - OI-TO","isPartOf":{"@id":"https:\/\/8it8.com.br\/#website"},"primaryImageOfPage":{"@id":"https:\/\/8it8.com.br\/?page_id=2923#primaryimage"},"image":{"@id":"https:\/\/8it8.com.br\/?page_id=2923#primaryimage"},"thumbnailUrl":"http:\/\/8it8.com.br\/wp-content\/uploads\/2023\/08\/cropped-4-pilares-e-referencias.jpg","datePublished":"2026-02-26T15:02:34+00:00","dateModified":"2026-02-26T15:29:47+00:00","breadcrumb":{"@id":"https:\/\/8it8.com.br\/?page_id=2923#breadcrumb"},"inLanguage":"pt-BR","potentialAction":[{"@type":"ReadAction","target":["https:\/\/8it8.com.br\/?page_id=2923"]}]},{"@type":"ImageObject","inLanguage":"pt-BR","@id":"https:\/\/8it8.com.br\/?page_id=2923#primaryimage","url":"https:\/\/8it8.com.br\/wp-content\/uploads\/2023\/08\/cropped-4-pilares-e-referencias.jpg","contentUrl":"https:\/\/8it8.com.br\/wp-content\/uploads\/2023\/08\/cropped-4-pilares-e-referencias.jpg","width":768,"height":768},{"@type":"BreadcrumbList","@id":"https:\/\/8it8.com.br\/?page_id=2923#breadcrumb","itemListElement":[{"@type":"ListItem","position":1,"name":"In\u00edcio","item":"https:\/\/8it8.com.br\/"},{"@type":"ListItem","position":2,"name":"4 Pilares da Gest\u00e3o"}]},{"@type":"WebSite","@id":"https:\/\/8it8.com.br\/#website","url":"https:\/\/8it8.com.br\/","name":"OI-TO","description":"Os 4 Pilares da Gest\u00e3o","publisher":{"@id":"https:\/\/8it8.com.br\/#organization"},"potentialAction":[{"@type":"SearchAction","target":{"@type":"EntryPoint","urlTemplate":"https:\/\/8it8.com.br\/?s={search_term_string}"},"query-input":{"@type":"PropertyValueSpecification","valueRequired":true,"valueName":"search_term_string"}}],"inLanguage":"pt-BR"},{"@type":"Organization","@id":"https:\/\/8it8.com.br\/#organization","name":"OI-TO Desenvolvimento de L\u00edderes e Equipes","url":"https:\/\/8it8.com.br\/","logo":{"@type":"ImageObject","inLanguage":"pt-BR","@id":"https:\/\/8it8.com.br\/#\/schema\/logo\/image\/","url":"https:\/\/8it8.com.br\/wp-content\/uploads\/2022\/09\/Logotipo-OITO-completo-sem-fundo.png","contentUrl":"https:\/\/8it8.com.br\/wp-content\/uploads\/2022\/09\/Logotipo-OITO-completo-sem-fundo.png","width":1064,"height":966,"caption":"OI-TO Desenvolvimento de L\u00edderes e Equipes"},"image":{"@id":"https:\/\/8it8.com.br\/#\/schema\/logo\/image\/"},"sameAs":["https:\/\/www.facebook.com\/oito.empreendereliderar"]}]}},"_links":{"self":[{"href":"https:\/\/8it8.com.br\/index.php?rest_route=\/wp\/v2\/pages\/2923","targetHints":{"allow":["GET"]}}],"collection":[{"href":"https:\/\/8it8.com.br\/index.php?rest_route=\/wp\/v2\/pages"}],"about":[{"href":"https:\/\/8it8.com.br\/index.php?rest_route=\/wp\/v2\/types\/page"}],"author":[{"embeddable":true,"href":"https:\/\/8it8.com.br\/index.php?rest_route=\/wp\/v2\/users\/1"}],"replies":[{"embeddable":true,"href":"https:\/\/8it8.com.br\/index.php?rest_route=%2Fwp%2Fv2%2Fcomments&post=2923"}],"version-history":[{"count":1,"href":"https:\/\/8it8.com.br\/index.php?rest_route=\/wp\/v2\/pages\/2923\/revisions"}],"predecessor-version":[{"id":2927,"href":"https:\/\/8it8.com.br\/index.php?rest_route=\/wp\/v2\/pages\/2923\/revisions\/2927"}],"wp:attachment":[{"href":"https:\/\/8it8.com.br\/index.php?rest_route=%2Fwp%2Fv2%2Fmedia&parent=2923"}],"curies":[{"name":"wp","href":"https:\/\/api.w.org\/{rel}","templated":true}]}}